{"id":1097,"date":"2025-05-21T19:56:30","date_gmt":"2025-05-21T19:56:30","guid":{"rendered":"https:\/\/hdim.hlz.hr\/?page_id=1097"},"modified":"2025-05-21T20:11:33","modified_gmt":"2025-05-21T20:11:33","slug":"postanite-clan","status":"publish","type":"page","link":"https:\/\/hdim.hlz.hr\/?page_id=1097","title":{"rendered":"Postanite \u010dlan"},"content":{"rendered":"\t\t<div data-elementor-type=\"wp-page\" data-elementor-id=\"1097\" class=\"elementor elementor-1097\">\n\t\t\t\t<div class=\"elementor-element elementor-element-41c1499 e-flex e-con-boxed e-con e-parent\" data-id=\"41c1499\" data-element_type=\"container\" data-e-type=\"container\">\n\t\t\t\t\t<div class=\"e-con-inner\">\n\t\t\t\t<div class=\"elementor-element elementor-element-5edf194 elementor-widget elementor-widget-heading\" data-id=\"5edf194\" data-element_type=\"widget\" data-e-type=\"widget\" data-widget_type=\"heading.default\">\n\t\t\t\t<div class=\"elementor-widget-container\">\n\t\t\t\t\t<h2 class=\"elementor-heading-title elementor-size-default\">Postanite \u010dlan<\/h2>\t\t\t\t<\/div>\n\t\t\t\t<\/div>\n\t\t\t\t\t<\/div>\n\t\t\t\t<\/div>\n\t\t<div class=\"elementor-element elementor-element-f544416 e-flex e-con-boxed e-con e-parent\" data-id=\"f544416\" data-element_type=\"container\" data-e-type=\"container\">\n\t\t\t\t\t<div class=\"e-con-inner\">\n\t\t\t\t<div class=\"elementor-element elementor-element-d203085 elementor-widget elementor-widget-text-editor\" data-id=\"d203085\" data-element_type=\"widget\" data-e-type=\"widget\" data-widget_type=\"text-editor.default\">\n\t\t\t\t<div class=\"elementor-widget-container\">\n\t\t\t\t\t\t\t\t\t<p>Godi\u0161nja \u010dlanarina iznosi 20\u20ac.<\/p><p>\u00a0<\/p><p>Molimo Vas da sredstva uplatite na \u017eiro-ra\u010dun Hrvatskog lije\u010dni\u010dkog zbora s naznakom &#8220;Za Hrvatsko dru\u0161tvo za intenzivnu medicinu&#8221;<\/p><p>IBAN HR7423600001101214818<\/p><p>Poziv na broj 268 &#8211; 118.<\/p><p>Potvrdu o uplati molimo proslijediti na mail hdim.tajnistvo@hlz.hr<\/p>\t\t\t\t\t\t\t\t<\/div>\n\t\t\t\t<\/div>\n\t\t\t\t\t<\/div>\n\t\t\t\t<\/div>\n\t\t\t\t<\/div>\n\t\t","protected":false},"excerpt":{"rendered":"<p>Postanite \u010dlan Godi\u0161nja \u010dlanarina iznosi 20\u20ac. \u00a0 Molimo Vas da sredstva uplatite na \u017eiro-ra\u010dun Hrvatskog lije\u010dni\u010dkog zbora s naznakom &#8220;Za Hrvatsko dru\u0161tvo za intenzivnu medicinu&#8221; IBAN HR7423600001101214818 Poziv na broj 268 &#8211; 118. Potvrdu o uplati molimo proslijediti na mail hdim.tajnistvo@hlz.hr<\/p>\n","protected":false},"author":1,"featured_media":0,"parent":0,"menu_order":0,"comment_status":"closed","ping_status":"closed","template":"","meta":{"footnotes":""},"class_list":["post-1097","page","type-page","status-publish","hentry"],"_links":{"self":[{"href":"https:\/\/hdim.hlz.hr\/index.php?rest_route=\/wp\/v2\/pages\/1097","targetHints":{"allow":["GET"]}}],"collection":[{"href":"https:\/\/hdim.hlz.hr\/index.php?rest_route=\/wp\/v2\/pages"}],"about":[{"href":"https:\/\/hdim.hlz.hr\/index.php?rest_route=\/wp\/v2\/types\/page"}],"author":[{"embeddable":true,"href":"https:\/\/hdim.hlz.hr\/index.php?rest_route=\/wp\/v2\/users\/1"}],"replies":[{"embeddable":true,"href":"https:\/\/hdim.hlz.hr\/index.php?rest_route=%2Fwp%2Fv2%2Fcomments&post=1097"}],"version-history":[{"count":7,"href":"https:\/\/hdim.hlz.hr\/index.php?rest_route=\/wp\/v2\/pages\/1097\/revisions"}],"predecessor-version":[{"id":1112,"href":"https:\/\/hdim.hlz.hr\/index.php?rest_route=\/wp\/v2\/pages\/1097\/revisions\/1112"}],"wp:attachment":[{"href":"https:\/\/hdim.hlz.hr\/index.php?rest_route=%2Fwp%2Fv2%2Fmedia&parent=1097"}],"curies":[{"name":"wp","href":"https:\/\/api.w.org\/{rel}","templated":true}]}}